{"id":14,"date":"2020-01-13T11:28:03","date_gmt":"2020-01-13T11:28:03","guid":{"rendered":"http:\/\/schultze-riro.de\/?page_id=14"},"modified":"2026-04-13T17:40:44","modified_gmt":"2026-04-13T17:40:44","slug":"startseite","status":"publish","type":"page","link":"https:\/\/schultze-riro.de\/","title":{"rendered":"Startseite"},"content":{"rendered":"\n<style type=\"text\/css\" data-created_by=\"avia_inline_auto\" id=\"style-css-av-k5cclel4-42b14f415d6455c7ea226945491c2ac5\">\n.avia-section.av-k5cclel4-42b14f415d6455c7ea226945491c2ac5{\nbackground-repeat:no-repeat;\nbackground-image:url(https:\/\/schultze-riro.de\/wp-content\/uploads\/2021\/01\/bguhd.jpg);\nbackground-position:0% 0%;\nbackground-attachment:scroll;\n}\n<\/style>\n<div id='av_section_1'  class='avia-section av-k5cclel4-42b14f415d6455c7ea226945491c2ac5 main_color avia-section-default avia-no-border-styling  avia-builder-el-0  avia-builder-el-no-sibling  avia-bg-style-scroll av-minimum-height av-minimum-height-100 av-height-100  container_wrap sidebar_right'  data-section-bg-repeat='no-repeat' data-av_minimum_height_pc='100' data-av_min_height_opt='100'><div class='container av-section-cont-open' ><main  role=\"main\" itemprop=\"mainContentOfPage\"  class='template-page content  av-content-small alpha units'><div class='post-entry post-entry-type-page post-entry-14'><div class='entry-content-wrapper clearfix'>\n\n<style type=\"text\/css\" data-created_by=\"avia_inline_auto\" id=\"style-css-av-1rv8m-26ceb3f749af3d88c1a6a1922b91e787\">\n.flex_column.av-1rv8m-26ceb3f749af3d88c1a6a1922b91e787{\nborder-radius:0px 0px 0px 0px;\npadding:0px 0px 0px 0px;\n}\n<\/style>\n<div  class='flex_column av-1rv8m-26ceb3f749af3d88c1a6a1922b91e787 av_three_fifth  avia-builder-el-1  el_before_av_one_fourth  avia-builder-el-first  first flex_column_div av-zero-column-padding  '     ><p><section  class='av_textblock_section av-k5ccxmrc-59f85cdbc3aec48c05591d6b102b5832 '   itemscope=\"itemscope\" itemtype=\"https:\/\/schema.org\/CreativeWork\" ><div class='avia_textblock'  itemprop=\"text\" ><p>Rippenrohrheiz\u00f6fen | Rohrheiz\u00f6fen | Ex-Heizger\u00e4te | Heizstrahler | Einschraubheizk\u00f6rper<br \/>\nFinned Tube heaters | Tube Heaters | ATEX-Heaters | Infrared Heaters | Screw-in Heaters<\/p>\n<\/div><\/section><br \/>\n\n<style type=\"text\/css\" data-created_by=\"avia_inline_auto\" id=\"style-css-av-k5cf6v7a-ea7360ff58491f9f95110d50214c61e3\">\n#top .hr.hr-invisible.av-k5cf6v7a-ea7360ff58491f9f95110d50214c61e3{\nheight:50px;\n}\n<\/style>\n<div  class='hr av-k5cf6v7a-ea7360ff58491f9f95110d50214c61e3 hr-invisible  avia-builder-el-3  el_after_av_textblock  el_before_av_textblock '><span class='hr-inner '><span class=\"hr-inner-style\"><\/span><\/span><\/div><br \/>\n<section  class='av_textblock_section av-k5ccxmrc-5-ac3550ce9feba4878355c0dfe2621004 '   itemscope=\"itemscope\" itemtype=\"https:\/\/schema.org\/CreativeWork\" ><div class='avia_textblock'  itemprop=\"text\" ><p>Friedrich Schultze GmbH<br \/>\nAm Birlenbach 15 \u00b7 57078 Siegen<\/p>\n<p>Telefon +49 271 \/ 8 90 46-0<br \/>\nTelefax +49 271 \/ 8 90 46-13<\/p>\n<\/div><\/section><br \/>\n\n<style type=\"text\/css\" data-created_by=\"avia_inline_auto\" id=\"style-css-av-k5cf6v7a-4-54dc2abc8b9e5c3020f6e5ca9b0fb308\">\n#top .hr.hr-invisible.av-k5cf6v7a-4-54dc2abc8b9e5c3020f6e5ca9b0fb308{\nheight:50px;\n}\n<\/style>\n<div  class='hr av-k5cf6v7a-4-54dc2abc8b9e5c3020f6e5ca9b0fb308 hr-invisible  avia-builder-el-5  el_after_av_textblock  el_before_av_image '><span class='hr-inner '><span class=\"hr-inner-style\"><\/span><\/span><\/div><br \/>\n\n<style type=\"text\/css\" data-created_by=\"avia_inline_auto\" id=\"style-css-av-k5cf3fuh-962d4580ecb329cd378c560962d8a146\">\n.avia-image-container.av-k5cf3fuh-962d4580ecb329cd378c560962d8a146 img.avia_image{\nbox-shadow:none;\n}\n.avia-image-container.av-k5cf3fuh-962d4580ecb329cd378c560962d8a146 .av-image-caption-overlay-center{\ncolor:#ffffff;\n}\n<\/style>\n<div  class='avia-image-container av-k5cf3fuh-962d4580ecb329cd378c560962d8a146 av-styling- av-img-linked avia-align-left  avia-builder-el-6  el_after_av_hr  el_before_av_image '   itemprop=\"image\" itemscope=\"itemscope\" itemtype=\"https:\/\/schema.org\/ImageObject\" ><div class=\"avia-image-container-inner\"><div class=\"avia-image-overlay-wrap\"><a href=\"https:\/\/deutsch.schultze-riro.de\/\" class='avia_image '  target=\"_blank\"  rel=\"noopener noreferrer\" ><img decoding=\"async\" fetchpriority=\"high\" class='wp-image-38 avia-img-lazy-loading-not-38 avia_image ' src=\"https:\/\/schultze-riro.de\/wp-content\/uploads\/2020\/01\/Germany-Flag.png\" alt='' title=''  height=\"64\" width=\"64\"  itemprop=\"thumbnailUrl\" srcset=\"https:\/\/schultze-riro.de\/wp-content\/uploads\/2020\/01\/Germany-Flag.png 64w, https:\/\/schultze-riro.de\/wp-content\/uploads\/2020\/01\/Germany-Flag-36x36.png 36w\" sizes=\"(max-width: 64px) 100vw, 64px\" \/><\/a><\/div><\/div><\/div><br \/>\n\n<style type=\"text\/css\" data-created_by=\"avia_inline_auto\" id=\"style-css-av-k5cf3fuh-1-743fe9e8587f9b033b705110e1e9977f\">\n.avia-image-container.av-k5cf3fuh-1-743fe9e8587f9b033b705110e1e9977f img.avia_image{\nbox-shadow:none;\n}\n.avia-image-container.av-k5cf3fuh-1-743fe9e8587f9b033b705110e1e9977f .av-image-caption-overlay-center{\ncolor:#ffffff;\n}\n<\/style>\n<div  class='avia-image-container av-k5cf3fuh-1-743fe9e8587f9b033b705110e1e9977f av-styling- av-img-linked avia-align-left  avia-builder-el-7  el_after_av_image  el_before_av_hr '   itemprop=\"image\" itemscope=\"itemscope\" itemtype=\"https:\/\/schema.org\/ImageObject\" ><div class=\"avia-image-container-inner\"><div class=\"avia-image-overlay-wrap\"><a href=\"http:\/\/english.schultze-riro.de\/\" class='avia_image '  target=\"_blank\"  rel=\"noopener noreferrer\" ><img decoding=\"async\" fetchpriority=\"high\" class='wp-image-37 avia-img-lazy-loading-not-37 avia_image ' src=\"https:\/\/schultze-riro.de\/wp-content\/uploads\/2020\/01\/United-Kingdom-flag.png\" alt='' title=''  height=\"64\" width=\"64\"  itemprop=\"thumbnailUrl\" srcset=\"https:\/\/schultze-riro.de\/wp-content\/uploads\/2020\/01\/United-Kingdom-flag.png 64w, https:\/\/schultze-riro.de\/wp-content\/uploads\/2020\/01\/United-Kingdom-flag-36x36.png 36w\" sizes=\"(max-width: 64px) 100vw, 64px\" \/><\/a><\/div><\/div><\/div><br \/>\n\n<style type=\"text\/css\" data-created_by=\"avia_inline_auto\" id=\"style-css-av-k5cf6v7a-2-11cbd1923d1194102bfb30fa357d6d38\">\n#top .hr.hr-invisible.av-k5cf6v7a-2-11cbd1923d1194102bfb30fa357d6d38{\nheight:50px;\n}\n<\/style>\n<div  class='hr av-k5cf6v7a-2-11cbd1923d1194102bfb30fa357d6d38 hr-invisible  avia-builder-el-8  el_after_av_image  el_before_av_textblock '><span class='hr-inner '><span class=\"hr-inner-style\"><\/span><\/span><\/div><br \/>\n<section  class='av_textblock_section av-k5ccxmrc-3-641bd19b0528939932ef89f357794aa8 '   itemscope=\"itemscope\" itemtype=\"https:\/\/schema.org\/CreativeWork\" ><div class='avia_textblock'  itemprop=\"text\" ><p>schultze-riro.de\u00a0 | 2026<\/p>\n<\/div><\/section><\/p><\/div>\n<style type=\"text\/css\" data-created_by=\"avia_inline_auto\" id=\"style-css-av-15y1i-5d79f310b92e65809d21eeb2ff042c36\">\n.flex_column.av-15y1i-5d79f310b92e65809d21eeb2ff042c36{\nborder-radius:0px 0px 0px 0px;\npadding:0px 0px 0px 0px;\n}\n<\/style>\n<div  class='flex_column av-15y1i-5d79f310b92e65809d21eeb2ff042c36 av_one_fourth  avia-builder-el-10  el_after_av_three_fifth  avia-builder-el-last  flex_column_div av-zero-column-padding  '     ><style type=\"text\/css\" data-created_by=\"avia_inline_auto\" id=\"style-css-av-k5ccwepd-acad25ebba84bd88fcce2b362393a3ee\">\n.avia-image-container.av-k5ccwepd-acad25ebba84bd88fcce2b362393a3ee img.avia_image{\nbox-shadow:none;\n}\n.avia-image-container.av-k5ccwepd-acad25ebba84bd88fcce2b362393a3ee .av-image-caption-overlay-center{\ncolor:#ffffff;\n}\n<\/style>\n<div  class='avia-image-container av-k5ccwepd-acad25ebba84bd88fcce2b362393a3ee av-styling- avia-align-center  avia-builder-el-11  avia-builder-el-no-sibling '   itemprop=\"image\" itemscope=\"itemscope\" itemtype=\"https:\/\/schema.org\/ImageObject\" ><div class=\"avia-image-container-inner\"><div class=\"avia-image-overlay-wrap\"><img decoding=\"async\" fetchpriority=\"high\" class='wp-image-30 avia-img-lazy-loading-not-30 avia_image ' src=\"https:\/\/schultze-riro.de\/wp-content\/uploads\/2020\/01\/Splash_2020.png\" alt='' title='Splash_2020'  height=\"803\" width=\"404\"  itemprop=\"thumbnailUrl\" srcset=\"https:\/\/schultze-riro.de\/wp-content\/uploads\/2020\/01\/Splash_2020.png 404w, https:\/\/schultze-riro.de\/wp-content\/uploads\/2020\/01\/Splash_2020-151x300.png 151w, https:\/\/schultze-riro.de\/wp-content\/uploads\/2020\/01\/Splash_2020-355x705.png 355w\" sizes=\"(max-width: 404px) 100vw, 404px\" \/><\/div><\/div><\/div><\/div><\/div><\/div><\/main><!-- close content main element --><\/div><\/div><div id='after_section_1'  class='main_color av_default_container_wrap container_wrap sidebar_right'  ><div class='container av-section-cont-open' ><div class='template-page content  av-content-small alpha units'><div class='post-entry post-entry-type-page post-entry-14'><div class='entry-content-wrapper clearfix'>\n","protected":false},"excerpt":{"rendered":"","protected":false},"author":1,"featured_media":0,"parent":0,"menu_order":0,"comment_status":"closed","ping_status":"closed","template":"","meta":{"footnotes":""},"class_list":["post-14","page","type-page","status-publish","hentry"],"_links":{"self":[{"href":"https:\/\/schultze-riro.de\/index.php?rest_route=\/wp\/v2\/pages\/14","targetHints":{"allow":["GET"]}}],"collection":[{"href":"https:\/\/schultze-riro.de\/index.php?rest_route=\/wp\/v2\/pages"}],"about":[{"href":"https:\/\/schultze-riro.de\/index.php?rest_route=\/wp\/v2\/types\/page"}],"author":[{"embeddable":true,"href":"https:\/\/schultze-riro.de\/index.php?rest_route=\/wp\/v2\/users\/1"}],"replies":[{"embeddable":true,"href":"https:\/\/schultze-riro.de\/index.php?rest_route=%2Fwp%2Fv2%2Fcomments&post=14"}],"version-history":[{"count":21,"href":"https:\/\/schultze-riro.de\/index.php?rest_route=\/wp\/v2\/pages\/14\/revisions"}],"predecessor-version":[{"id":56,"href":"https:\/\/schultze-riro.de\/index.php?rest_route=\/wp\/v2\/pages\/14\/revisions\/56"}],"wp:attachment":[{"href":"https:\/\/schultze-riro.de\/index.php?rest_route=%2Fwp%2Fv2%2Fmedia&parent=14"}],"curies":[{"name":"wp","href":"https:\/\/api.w.org\/{rel}","templated":true}]}}